{"id":9,"date":"2013-03-18T00:23:04","date_gmt":"2013-03-17T23:23:04","guid":{"rendered":"http:\/\/taxmanagement.hu\/?page_id=9"},"modified":"2013-03-18T01:00:11","modified_gmt":"2013-03-18T00:00:11","slug":"kapcsolat","status":"publish","type":"page","link":"https:\/\/taxmanagement.hu\/?page_id=9","title":{"rendered":""},"content":{"rendered":"<div><strong>Tax Management Kft.<\/strong><\/p>\n<p>Sz\u00e9khely: 1174 Budapest, \u0150srep\u00fcl\u0151 utca 14. A \u00e9p\u00fclet f\u00f6ldszint 2.<\/p><\/div>\n<div><\/div>\n<div>Levelez\u00e9si c\u00edm: 1660 Budapest, Postafi\u00f3k 345.<br \/>\nTelefonsz\u00e1m: +36 (30) 638 1593<\/p>\n<p>E-mail c\u00edm: info@taxmanagement.hu<\/p>\n<\/div>\n","protected":false},"excerpt":{"rendered":"<p>Tax Management Kft. Sz\u00e9khely: 1174 Budapest, \u0150srep\u00fcl\u0151 utca 14. A \u00e9p\u00fclet f\u00f6ldszint 2. Levelez\u00e9si c\u00edm: 1660 Budapest, Postafi\u00f3k 345. Telefonsz\u00e1m: +36 (30) 638 1593 E-mail c\u00edm: info@taxmanagement.hu<\/p>\n","protected":false},"author":1,"featured_media":0,"parent":0,"menu_order":0,"comment_status":"closed","ping_status":"open","template":"","meta":{"footnotes":""},"_links":{"self":[{"href":"https:\/\/taxmanagement.hu\/index.php?rest_route=\/wp\/v2\/pages\/9"}],"collection":[{"href":"https:\/\/taxmanagement.hu\/index.php?rest_route=\/wp\/v2\/pages"}],"about":[{"href":"https:\/\/taxmanagement.hu\/index.php?rest_route=\/wp\/v2\/types\/page"}],"author":[{"embeddable":true,"href":"https:\/\/taxmanagement.hu\/index.php?rest_route=\/wp\/v2\/users\/1"}],"replies":[{"embeddable":true,"href":"https:\/\/taxmanagement.hu\/index.php?rest_route=%2Fwp%2Fv2%2Fcomments&post=9"}],"version-history":[{"count":7,"href":"https:\/\/taxmanagement.hu\/index.php?rest_route=\/wp\/v2\/pages\/9\/revisions"}],"predecessor-version":[{"id":43,"href":"https:\/\/taxmanagement.hu\/index.php?rest_route=\/wp\/v2\/pages\/9\/revisions\/43"}],"wp:attachment":[{"href":"https:\/\/taxmanagement.hu\/index.php?rest_route=%2Fwp%2Fv2%2Fmedia&parent=9"}],"curies":[{"name":"wp","href":"https:\/\/api.w.org\/{rel}","templated":true}]}}