{"id":8,"date":"2013-03-18T00:22:38","date_gmt":"2013-03-17T23:22:38","guid":{"rendered":"http:\/\/taxmanagement.hu\/?page_id=8"},"modified":"2013-03-18T01:01:43","modified_gmt":"2013-03-18T00:01:43","slug":"szolgaltatasok","status":"publish","type":"page","link":"https:\/\/taxmanagement.hu\/?page_id=8","title":{"rendered":""},"content":{"rendered":"<p><strong>K\u00f6nyvel\u00e9s:<\/strong><\/p>\n<p>\u2022 vev\u0151-, sz\u00e1ll\u00edt\u00f3-, p\u00e9nzt\u00e1r-, bank- \u00e9s vegyes bizonylatok kont\u00edroz\u00e1sa, feldolgoz\u00e1sa<br \/>\n\u2022 vev\u0151i, sz\u00e1ll\u00edt\u00f3i analitik\u00e1k k\u00e9sz\u00edt\u00e9se<br \/>\n\u2022 \u00e1llami k\u00f6lts\u00e9gvet\u00e9ssel kapcsolatos elsz\u00e1mol\u00e1sok<br \/>\n(\u00c1FA, SzJA, t\u00e1rsas\u00e1gi ad\u00f3, munkaad\u00f3i \u00e9s munkav\u00e1llal\u00f3i j\u00e1rul\u00e9k, ad\u00f3bevall\u00e1s)<br \/>\n\u2022 egy\u00e9b analitikus nyilv\u00e1ntart\u00e1sok vezet\u00e9se (\u00f6nellen\u0151rz\u00e9sek, stb. nyilv\u00e1ntart\u00e1sa)<br \/>\n\u2022 f\u0151k\u00f6nyvi kivonat k\u00e9sz\u00edt\u00e9se<br \/>\n\u2022 ig\u00e9ny szerinti p\u00e9nz\u00fcgyi inform\u00e1ci\u00f3 szolg\u00e1ltat\u00e1sa<br \/>\n\u2022 t\u00e1rgyi eszk\u00f6z\u00f6k nyilv\u00e1ntart\u00e1sa<br \/>\n\u2022 besz\u00e1mol\u00f3k k\u00e9sz\u00edt\u00e9se<br \/>\n\u2022 k\u00f6nyvel\u00e9s, ad\u00f3elsz\u00e1mol\u00e1s fel\u00fclvizsg\u00e1lata, \u00f6nrev\u00edzi\u00f3 elk\u00e9sz\u00edt\u00e9se<br \/>\n\u2022 \u00e9vk\u00f6zi \u00e9s \u00e9ves ad\u00f3bevall\u00e1sok elk\u00e9sz\u00edt\u00e9se<br \/>\n\u2022 sz\u00e1mvitel politika \u00f6ssze\u00e1ll\u00edt\u00e1sa<br \/>\n\u2022 m\u00e9rlegk\u00e9sz\u00edt\u00e9s, eredm\u00e9nykimutat\u00e1s<br \/>\n&#8211; ig\u00e9ny szerint \u00e9vk\u00f6zi besz\u00e1mol\u00f3 k\u00e9sz\u00edt\u00e9se<br \/>\n&#8211; \u00e9ves besz\u00e1mol\u00f3 elk\u00e9sz\u00edt\u00e9se<br \/>\n&#8211; lelt\u00e1r \u00f6ssze\u00e1ll\u00edt\u00e1sa, elk\u00e9sz\u00edt\u00e9se<br \/>\n\u2022 az \u00e9v v\u00e9gi z\u00e1r\u00e1ssal kapcsolatosan<br \/>\n&#8211; \u00e9ves besz\u00e1mol\u00f3 \u00e9s kieg\u00e9sz\u00edt\u0151 mell\u00e9klet elk\u00e9sz\u00edt\u00e9se<br \/>\n&#8211; \u00e9ves ad\u00f3bevall\u00e1sok elk\u00e9sz\u00edt\u00e9se<br \/>\n&#8211; SZJA-bevall\u00e1s elk\u00e9sz\u00edt\u00e9se<br \/>\n\u2022 ellen\u0151rz\u00e9sek<br \/>\n&#8211; p\u00e9nzt\u00e1rbizonylatok \u00e9s p\u00e9nzt\u00e1rjelent\u00e9sek ellen\u0151rz\u00e9se<br \/>\n&#8211; bels\u0151 bizonylati rend kialak\u00edt\u00e1sa \u00e9s ellen\u0151rz\u00e9se<br \/>\n\u2022 teljes k\u00f6r\u0171 k\u00e9pviselet az APEH, az \u00f6nkorm\u00e1nyzatok \u00e9s m\u00e1s hat\u00f3s\u00e1gok el\u0151tt<br \/>\n\u2022 meghatalmaz\u00e1ssal teljes k\u00f6r\u0171 elektronikus \u00fcgyint\u00e9z\u00e9s<\/p>\n<p><strong>B\u00e9rsz\u00e1mfejt\u00e9s, munka\u00fcgy, t\u00e1rsadalombiztos\u00edt\u00e1si \u00fcgyek int\u00e9z\u00e9se:<\/strong><\/p>\n<p>\u2022 havi b\u00e9rsz\u00e1mfejt\u00e9s<br \/>\n\u2022 havi jelent\u00e9sek elk\u00e9sz\u00edt\u00e9se, bek\u00fcld\u00e9se<br \/>\n\u2022 k\u00f6telez\u0151 nyilv\u00e1ntart\u00e1sok vezet\u00e9se<br \/>\n\u2022 t\u00e1pp\u00e9nzzel kapcsolatos \u00fcgyint\u00e9z\u00e9s<br \/>\n\u2022 mag\u00e1nnyugd\u00edjp\u00e9nzt\u00e1rak kezel\u00e9se<br \/>\n\u2022 be-, illetve kil\u00e9p\u0151 dolgoz\u00f3k adatszolg\u00e1ltat\u00e1sa<br \/>\n\u2022 TB \u00fcgyint\u00e9z\u00e9s<br \/>\n\u2022 teljes k\u00f6r\u0171 k\u00e9pviselet a TB, az OEP \u00e9s m\u00e1s hat\u00f3s\u00e1gok el\u0151tt<br \/>\n\u2022 meghatalmaz\u00e1ssal teljes k\u00f6r\u0171 elektronikus \u00fcgyint\u00e9z\u00e9s<\/p>\n<p><strong>P\u00e9nz\u00fcgyi tan\u00e1csad\u00e1s:<\/strong><\/p>\n<p>\u2022 teljes k\u00f6r\u0171 p\u00e9nz\u00fcgyi \u00fcgyint\u00e9z\u00e9s<br \/>\n\u2022 teljes k\u00f6r\u0171 p\u00e9nz\u00fcgyi menedzsment<br \/>\n\u2022 p\u00e9nz\u00fcgyi \u00e1tvil\u00e1g\u00edt\u00e1s \/ optimaliz\u00e1l\u00e1s<br \/>\n\u2022 turn-around menedzsment<br \/>\n\u2022 hitel\u00fcgyint\u00e9z\u00e9s, k\u00f6zvet\u00edt\u00e9s<br \/>\n\u2022 komplett \u00fczleti terv k\u00e9sz\u00edt\u00e9se<br \/>\n\u2022 beruh\u00e1z\u00e1sok p\u00e9nz\u00fcgyi bonyol\u00edt\u00e1sa<br \/>\n\u2022 irodah\u00e1zak \/ lak\u00f3parkok \/ ipari parkok \u00fczemeltet\u00e9se<br \/>\n\u2022 ad\u00f3, p\u00e9nz\u00fcgyi \u00e9s befektet\u00e9si tan\u00e1csad\u00e1s<\/p>\n<p><strong>Ingatlan \u00fczemeltet\u00e9s:<\/strong><\/p>\n<p>\u2022 k\u00f6zm\u0171szolg\u00e1ltat\u00f3kkal kapcsolatos \u00fcgyint\u00e9z\u00e9s<br \/>\n\u2022 karbantart\u00e1s, fel\u00faj\u00edt\u00e1s<br \/>\n\u2022 ig\u00e9ny szerinti \u00e1t\u00e9p\u00edt\u00e9sek elv\u00e9gz\u00e9se<br \/>\n\u2022 felvon\u00f3k m\u0171k\u00f6dtet\u00e9se, karbantart\u00e1sa<br \/>\n\u2022 takar\u00edt\u00e1s<br \/>\n\u2022 id\u0151szakos tisztas\u00e1gi fest\u00e9s<br \/>\n\u2022 kert\u00e9szeti feladatok ell\u00e1t\u00e1sa<br \/>\n\u2022 irodah\u00e1z biztos\u00edt\u00e1sa<br \/>\n\u2022 biztons\u00e1gi-, portaszolg\u00e1lat<br \/>\n\u2022 t\u0171z-, f\u00fcstjelz\u0151, elektromos \u00e9s szell\u0151z\u0151 berendez\u00e9sek karbantart\u00e1sa, jav\u00edt\u00e1sa<br \/>\n\u2022 postai szolg\u00e1ltat\u00e1s<br \/>\n\u2022 b\u00e9rleti, \u00fczemeltet\u00e9si d\u00edjak sz\u00e1ml\u00e1z\u00e1sa, beszed\u00e9se<br \/>\n\u2022 elsz\u00e1mol\u00e1sok elk\u00e9sz\u00edt\u00e9se<\/p>\n","protected":false},"excerpt":{"rendered":"<p>K\u00f6nyvel\u00e9s: \u2022 vev\u0151-, sz\u00e1ll\u00edt\u00f3-, p\u00e9nzt\u00e1r-, bank- \u00e9s vegyes bizonylatok kont\u00edroz\u00e1sa, feldolgoz\u00e1sa \u2022 vev\u0151i, sz\u00e1ll\u00edt\u00f3i analitik\u00e1k k\u00e9sz\u00edt\u00e9se \u2022 \u00e1llami k\u00f6lts\u00e9gvet\u00e9ssel kapcsolatos elsz\u00e1mol\u00e1sok (\u00c1FA, SzJA, t\u00e1rsas\u00e1gi ad\u00f3, munkaad\u00f3i \u00e9s munkav\u00e1llal\u00f3i j\u00e1rul\u00e9k, ad\u00f3bevall\u00e1s) \u2022 egy\u00e9b analitikus nyilv\u00e1ntart\u00e1sok vezet\u00e9se (\u00f6nellen\u0151rz\u00e9sek, stb. nyilv\u00e1ntart\u00e1sa) \u2022 f\u0151k\u00f6nyvi kivonat k\u00e9sz\u00edt\u00e9se \u2022 ig\u00e9ny szerinti p\u00e9nz\u00fcgyi inform\u00e1ci\u00f3 szolg\u00e1ltat\u00e1sa \u2022 t\u00e1rgyi eszk\u00f6z\u00f6k nyilv\u00e1ntart\u00e1sa \u2022 besz\u00e1mol\u00f3k k\u00e9sz\u00edt\u00e9se [&hellip;]<\/p>\n","protected":false},"author":1,"featured_media":0,"parent":0,"menu_order":0,"comment_status":"closed","ping_status":"open","template":"","meta":{"footnotes":""},"_links":{"self":[{"href":"https:\/\/taxmanagement.hu\/index.php?rest_route=\/wp\/v2\/pages\/8"}],"collection":[{"href":"https:\/\/taxmanagement.hu\/index.php?rest_route=\/wp\/v2\/pages"}],"about":[{"href":"https:\/\/taxmanagement.hu\/index.php?rest_route=\/wp\/v2\/types\/page"}],"author":[{"embeddable":true,"href":"https:\/\/taxmanagement.hu\/index.php?rest_route=\/wp\/v2\/users\/1"}],"replies":[{"embeddable":true,"href":"https:\/\/taxmanagement.hu\/index.php?rest_route=%2Fwp%2Fv2%2Fcomments&post=8"}],"version-history":[{"count":4,"href":"https:\/\/taxmanagement.hu\/index.php?rest_route=\/wp\/v2\/pages\/8\/revisions"}],"predecessor-version":[{"id":45,"href":"https:\/\/taxmanagement.hu\/index.php?rest_route=\/wp\/v2\/pages\/8\/revisions\/45"}],"wp:attachment":[{"href":"https:\/\/taxmanagement.hu\/index.php?rest_route=%2Fwp%2Fv2%2Fmedia&parent=8"}],"curies":[{"name":"wp","href":"https:\/\/api.w.org\/{rel}","templated":true}]}}