{"id":7,"date":"2013-03-18T00:21:50","date_gmt":"2013-03-17T23:21:50","guid":{"rendered":"http:\/\/taxmanagement.hu\/?page_id=7"},"modified":"2013-03-18T00:57:04","modified_gmt":"2013-03-17T23:57:04","slug":"cegismerteto","status":"publish","type":"page","link":"https:\/\/taxmanagement.hu\/?page_id=7","title":{"rendered":""},"content":{"rendered":"<div id=\"content_left_body\">\n<div>T\u00e1rsas\u00e1gunk tagjai 1998. \u00f3ta foglalkoznak k\u00f6nyvel\u00e9ssel, p\u00e9nz\u00fcgyi tan\u00e1csad\u00e1ssal, ingatlan \u00fczemeltet\u00e9ssel, valamint k\u00fcl\u00f6nf\u00e9le v\u00e1llalkoz\u00e1sok ir\u00e1ny\u00edt\u00e1s\u00e1val, fel\u00fcgyelet\u00e9vel.<\/p>\n<p>Munkat\u00e1rsaink \u00e9s egy\u00fcttm\u0171k\u00f6d\u0151 partnereink seg\u00edts\u00e9g\u00e9vel komplex szolg\u00e1ltat\u00e1st tudunk ny\u00fajtani mindazoknak, akik egy helyen szeretn\u00e9nek v\u00e1laszt kapni k\u00e9rd\u00e9seikre, akik egyszerre ig\u00e9nylik a precizit\u00e1st \u00e9s a gyorsas\u00e1got, a rugalmass\u00e1got \u00e9s a szaktud\u00e1st, a felel\u0151ss\u00e9gteljes munkav\u00e9gz\u00e9st.<\/p>\n<p><strong>Referenci\u00e1k:<\/strong><\/p>\n<p>Poli-Paragon Kft.<br \/>\n\u2022 gener\u00e1l kivitelez\u00e9s<br \/>\n\u2022 irodah\u00e1z, lak\u00f3park, id\u0151sotthon \u00fczemeltet\u00e9s<\/p>\n<p>Panor\u00e1ma Apartman Kft.<br \/>\n\u2022 ingatlan beruh\u00e1z\u00e1s<\/p>\n<p>Madar\u00e1sz Apartman Kft.<br \/>\n\u2022 ingatlan beruh\u00e1z\u00e1s<\/p>\n<p>DITEL 2000 Kft.<br \/>\n\u2022 telefon, k\u00e1belt\u00e9v\u00e9, internet szolg\u00e1ltat\u00e1s<\/p>\n<p>ToolPart Kft.<br \/>\n\u2022 p\u00e9nz\u00fcgyi tan\u00e1csad\u00e1s<\/p>\n<p>Orlando Collection Kft.<br \/>\n\u2022 divat-, formatervez\u00e9s<\/p>\n<p>Orlando Couture Kft.<br \/>\n\u2022 fels\u0151ruh\u00e1zat gy\u00e1rt\u00e1sa<\/p><\/div>\n<\/div>\n","protected":false},"excerpt":{"rendered":"<p>T\u00e1rsas\u00e1gunk tagjai 1998. \u00f3ta foglalkoznak k\u00f6nyvel\u00e9ssel, p\u00e9nz\u00fcgyi tan\u00e1csad\u00e1ssal, ingatlan \u00fczemeltet\u00e9ssel, valamint k\u00fcl\u00f6nf\u00e9le v\u00e1llalkoz\u00e1sok ir\u00e1ny\u00edt\u00e1s\u00e1val, fel\u00fcgyelet\u00e9vel. Munkat\u00e1rsaink \u00e9s egy\u00fcttm\u0171k\u00f6d\u0151 partnereink seg\u00edts\u00e9g\u00e9vel komplex szolg\u00e1ltat\u00e1st tudunk ny\u00fajtani mindazoknak, akik egy helyen szeretn\u00e9nek v\u00e1laszt kapni k\u00e9rd\u00e9seikre, akik egyszerre ig\u00e9nylik a precizit\u00e1st \u00e9s a gyorsas\u00e1got, a rugalmass\u00e1got \u00e9s a szaktud\u00e1st, a felel\u0151ss\u00e9gteljes munkav\u00e9gz\u00e9st. Referenci\u00e1k: Poli-Paragon Kft. \u2022 gener\u00e1l kivitelez\u00e9s \u2022 [&hellip;]<\/p>\n","protected":false},"author":1,"featured_media":0,"parent":0,"menu_order":0,"comment_status":"closed","ping_status":"open","template":"","meta":{"footnotes":""},"_links":{"self":[{"href":"https:\/\/taxmanagement.hu\/index.php?rest_route=\/wp\/v2\/pages\/7"}],"collection":[{"href":"https:\/\/taxmanagement.hu\/index.php?rest_route=\/wp\/v2\/pages"}],"about":[{"href":"https:\/\/taxmanagement.hu\/index.php?rest_route=\/wp\/v2\/types\/page"}],"author":[{"embeddable":true,"href":"https:\/\/taxmanagement.hu\/index.php?rest_route=\/wp\/v2\/users\/1"}],"replies":[{"embeddable":true,"href":"https:\/\/taxmanagement.hu\/index.php?rest_route=%2Fwp%2Fv2%2Fcomments&post=7"}],"version-history":[{"count":9,"href":"https:\/\/taxmanagement.hu\/index.php?rest_route=\/wp\/v2\/pages\/7\/revisions"}],"predecessor-version":[{"id":41,"href":"https:\/\/taxmanagement.hu\/index.php?rest_route=\/wp\/v2\/pages\/7\/revisions\/41"}],"wp:attachment":[{"href":"https:\/\/taxmanagement.hu\/index.php?rest_route=%2Fwp%2Fv2%2Fmedia&parent=7"}],"curies":[{"name":"wp","href":"https:\/\/api.w.org\/{rel}","templated":true}]}}